{"id":5,"date":"2015-12-22T19:00:31","date_gmt":"2015-12-22T19:00:31","guid":{"rendered":"http:\/\/localhost\/eminew\/?page_id=5"},"modified":"2019-10-09T12:27:39","modified_gmt":"2019-10-09T12:27:39","slug":"emi-cc","status":"publish","type":"page","link":"https:\/\/emi-cc.com\/emiclientarea\/","title":{"rendered":"EMI-CC"},"content":{"rendered":"<h4 style=\"width: 100%; text-align: right;\"><span style=\"color: #e91c30;\">P\u00ebrsh\u00ebndetje dhe Mir\u00eb se Erdhe,<\/span><\/h4>\n<h4 style=\"width: 100%; text-align: right;\"><span style=\"color: #e91c30;\">EMI \u2013 CC ju uron sukses!<\/span><\/h4>\n<p>&nbsp;<\/p>\n<div class=\"pc_aligned_form pc_falign_center\">\r\n\t<form class=\"pc_login_form    \" >\r\n\t\t<div class=\"pc_login_row pc_lf_username \">\r\n\t\t\t<label>Username<\/label>\r\n\t\t\t\r\n\t\t\t<div class=\"pc_field_container\">\r\n\t\t\t\t\r\n\t\t\t\t<input type=\"text\" name=\"pc_auth_username\" value=\"\"  autocapitalize=\"off\" autocomplete=\"off\" autocorrect=\"off\" aria-label=\"Username\" maxlength=\"150\" \/>\r\n\t\t\t<\/div>\t\r\n\t\t<\/div>\r\n\t\t<div class=\"pc_login_row pc_lf_psw \">\r\n\t\t\t<label>Password<\/label>\r\n\t\t\t\r\n\t\t\t<div class=\"pc_field_container\">\r\n\t\t\t\t\r\n\t\t\t\t<input type=\"password\" name=\"pc_auth_psw\" value=\"\"  autocapitalize=\"off\" autocomplete=\"off\" autocorrect=\"off\" aria-label=\"Password\" \/>\r\n\t\t\t<\/div>\r\n\t\t<\/div>\r\n\t\t<div class=\"pc_hnpt_code\">\r\n\t\t\t<input type=\"text\" name=\"pc_hnpt_1\" value=\"\" autocomplete=\"off\" \/>\r\n\t\t\t<input type=\"text\" name=\"pc_hnpt_2\" value=\"961614\" autocomplete=\"off\" required \/>\r\n\t\t\t<input type=\"text\" name=\"pc_hnpt_3\" value=\"434592588\" autocomplete=\"off\" required \/>\r\n\t\t<\/div>\r\n        <div class=\"pc_lf_subfields\">\r\n            <div class=\"pc_login_smalls\"><\/div>\r\n            <div id=\"pc_auth_message\"><\/div>\r\n        <\/div>\r\n            \r\n\t\t<button class=\"pc_auth_btn\" type=\"submit\">\r\n            <span class=\"pc_inner_btn\">Login<\/span>\r\n        <\/button>\r\n\t<\/form>\r\n    \r\n    <script type=\"text\/javascript\">\r\n    (function() { \r\n        \"use strict\";\r\n\r\n        const intval = setInterval(() => {\r\n            if(typeof(pc_lf_overlapping_smalls_check) == \"undefined\") {\r\n                return true;\r\n            }\r\n            else {\r\n                clearTimeout(intval);\r\n                window.pc_lf_overlapping_smalls_check();window.pc_lf_labels_h_check();\r\n            }\r\n        }, 50);\r\n    })();\r\n    <\/script><\/div>","protected":false},"excerpt":{"rendered":"<p>P\u00ebrsh\u00ebndetje dhe Mir\u00eb se Erdhe, EMI \u2013 CC ju uron sukses! &nbsp; Username Password Login<\/p>\n","protected":false},"author":1,"featured_media":1748,"parent":0,"menu_order":0,"comment_status":"closed","ping_status":"closed","template":"","meta":{"footnotes":""},"acf":[],"_links":{"self":[{"href":"https:\/\/emi-cc.com\/emiclientarea\/index.php\/wp-json\/wp\/v2\/pages\/5"}],"collection":[{"href":"https:\/\/emi-cc.com\/emiclientarea\/index.php\/wp-json\/wp\/v2\/pages"}],"about":[{"href":"https:\/\/emi-cc.com\/emiclientarea\/index.php\/wp-json\/wp\/v2\/types\/page"}],"author":[{"embeddable":true,"href":"https:\/\/emi-cc.com\/emiclientarea\/index.php\/wp-json\/wp\/v2\/users\/1"}],"replies":[{"embeddable":true,"href":"https:\/\/emi-cc.com\/emiclientarea\/index.php\/wp-json\/wp\/v2\/comments?post=5"}],"version-history":[{"count":28,"href":"https:\/\/emi-cc.com\/emiclientarea\/index.php\/wp-json\/wp\/v2\/pages\/5\/revisions"}],"predecessor-version":[{"id":1933,"href":"https:\/\/emi-cc.com\/emiclientarea\/index.php\/wp-json\/wp\/v2\/pages\/5\/revisions\/1933"}],"wp:featuredmedia":[{"embeddable":true,"href":"https:\/\/emi-cc.com\/emiclientarea\/index.php\/wp-json\/wp\/v2\/media\/1748"}],"wp:attachment":[{"href":"https:\/\/emi-cc.com\/emiclientarea\/index.php\/wp-json\/wp\/v2\/media?parent=5"}],"curies":[{"name":"wp","href":"https:\/\/api.w.org\/{rel}","templated":true}]}}